{"id":63,"date":"2026-02-02T20:24:58","date_gmt":"2026-02-02T20:24:58","guid":{"rendered":"https:\/\/fundacioncreaec.com\/web\/?page_id=63"},"modified":"2026-02-23T16:54:32","modified_gmt":"2026-02-23T16:54:32","slug":"nosotros","status":"publish","type":"page","link":"https:\/\/fundacioncreaec.com\/web\/index.php\/nosotros\/","title":{"rendered":"NOSOTROS"},"content":{"rendered":"\t\t<div data-elementor-type=\"wp-page\" data-elementor-id=\"63\" class=\"elementor elementor-63\" data-elementor-post-type=\"page\">\n\t\t\t\t<div class=\"elementor-element elementor-element-97fc002 e-flex e-con-boxed e-con e-parent\" data-id=\"97fc002\" data-element_type=\"container\" data-e-type=\"container\">\n\t\t\t\t\t<div class=\"e-con-inner\">\n\t\t\t\t<div class=\"elementor-element elementor-element-6c9e0cb elementor-widget-divider--view-line elementor-widget elementor-widget-divider\" data-id=\"6c9e0cb\" data-element_type=\"widget\" data-e-type=\"widget\" data-widget_type=\"divider.default\">\n\t\t\t\t\t\t\t<div class=\"elementor-divider\">\n\t\t\t<span class=\"elementor-divider-separator\">\n\t\t\t\t\t\t<\/span>\n\t\t<\/div>\n\t\t\t\t\t\t<\/div>\n\t\t\t\t\t<\/div>\n\t\t\t\t<\/div>\n\t\t<div class=\"elementor-element elementor-element-f4b597e e-flex e-con-boxed e-con e-parent\" data-id=\"f4b597e\" data-element_type=\"container\" data-e-type=\"container\">\n\t\t\t\t\t<div class=\"e-con-inner\">\n\t\t\t\t<div class=\"elementor-element elementor-element-0c872fc elementor-widget elementor-widget-heading\" data-id=\"0c872fc\" data-element_type=\"widget\" data-e-type=\"widget\" data-widget_type=\"heading.default\">\n\t\t\t\t\t<h1 class=\"elementor-heading-title elementor-size-default\">\ud83d\udccc MISI\u00d3N<\/h1>\t\t\t\t<\/div>\n\t\t\t\t\t<\/div>\n\t\t\t\t<\/div>\n\t\t<div class=\"elementor-element elementor-element-afe1c96 e-flex e-con-boxed e-con e-parent\" data-id=\"afe1c96\" data-element_type=\"container\" data-e-type=\"container\">\n\t\t\t\t\t<div class=\"e-con-inner\">\n\t\t\t\t<div class=\"elementor-element elementor-element-652ba2a elementor-widget elementor-widget-text-editor\" data-id=\"652ba2a\" data-element_type=\"widget\" data-e-type=\"widget\" data-widget_type=\"text-editor.default\">\n\t\t\t\t\t\t\t\t\t<p data-start=\"278\" data-end=\"613\"><span style=\"color: #000000;\">Brindar formaci\u00f3n artesanal de calidad en un ambiente saludable, inclusivo y basado en la esperanza y el amor, contribuyendo a la reinserci\u00f3n social y al desarrollo integral de personas en situaci\u00f3n de vulnerabilidad, mediante programas educativos t\u00e9cnicos que fortalezcan sus competencias laborales y promuevan su autonom\u00eda econ\u00f3mica.<\/span><\/p>\t\t\t\t\t\t\t\t<\/div>\n\t\t\t\t<div class=\"elementor-element elementor-element-e005105 elementor-widget-divider--view-line elementor-widget elementor-widget-divider\" data-id=\"e005105\" data-element_type=\"widget\" data-e-type=\"widget\" data-widget_type=\"divider.default\">\n\t\t\t\t\t\t\t<div class=\"elementor-divider\">\n\t\t\t<span class=\"elementor-divider-separator\">\n\t\t\t\t\t\t<\/span>\n\t\t<\/div>\n\t\t\t\t\t\t<\/div>\n\t\t\t\t<div class=\"elementor-element elementor-element-4557894 elementor-widget elementor-widget-heading\" data-id=\"4557894\" data-element_type=\"widget\" data-e-type=\"widget\" data-widget_type=\"heading.default\">\n\t\t\t\t\t<h1 class=\"elementor-heading-title elementor-size-default\">\ud83d\udccc VISI\u00d3N<\/h1>\t\t\t\t<\/div>\n\t\t\t\t<div class=\"elementor-element elementor-element-4e12ded elementor-widget elementor-widget-text-editor\" data-id=\"4e12ded\" data-element_type=\"widget\" data-e-type=\"widget\" data-widget_type=\"text-editor.default\">\n\t\t\t\t\t\t\t\t\t<p data-start=\"633\" data-end=\"926\"><span style=\"color: #000000;\">Ser una instituci\u00f3n referente en la formaci\u00f3n artesanal y en procesos de reinserci\u00f3n social en la ciudad de Manta y la regi\u00f3n, reconocida por su compromiso con la transformaci\u00f3n de vidas, la excelencia educativa y la generaci\u00f3n de oportunidades sostenibles para los sectores m\u00e1s desprotegidos.<\/span><\/p>\t\t\t\t\t\t\t\t<\/div>\n\t\t\t\t<div class=\"elementor-element elementor-element-3a64096 elementor-widget-divider--view-line elementor-widget elementor-widget-divider\" data-id=\"3a64096\" data-element_type=\"widget\" data-e-type=\"widget\" data-widget_type=\"divider.default\">\n\t\t\t\t\t\t\t<div class=\"elementor-divider\">\n\t\t\t<span class=\"elementor-divider-separator\">\n\t\t\t\t\t\t<\/span>\n\t\t<\/div>\n\t\t\t\t\t\t<\/div>\n\t\t\t\t<div class=\"elementor-element elementor-element-6c7bbd6 elementor-widget elementor-widget-heading\" data-id=\"6c7bbd6\" data-element_type=\"widget\" data-e-type=\"widget\" data-widget_type=\"heading.default\">\n\t\t\t\t\t<h1 class=\"elementor-heading-title elementor-size-default\">\ud83c\udfaf OBJETIVOS<\/h1>\t\t\t\t<\/div>\n\t\t\t\t<div class=\"elementor-element elementor-element-2325fa8 elementor-widget elementor-widget-text-editor\" data-id=\"2325fa8\" data-element_type=\"widget\" data-e-type=\"widget\" data-widget_type=\"text-editor.default\">\n\t\t\t\t\t\t\t\t\t<ol><li style=\"list-style-type: none;\"><ol><li style=\"list-style-type: none;\"><ol><li data-start=\"526\" data-end=\"695\"><p style=\"text-align: left;\" data-start=\"529\" data-end=\"695\"><span style=\"color: #000000;\"><strong data-start=\"529\" data-end=\"572\">Brindar formaci\u00f3n t\u00e9cnica especializada<\/strong> en las \u00e1reas de Belleza, Corte, Confecci\u00f3n y Bordado, y Jefe de Cocina Chef, garantizando est\u00e1ndares de calidad educativa.<\/span><\/p><\/li><li style=\"text-align: left;\" data-start=\"697\" data-end=\"820\"><p data-start=\"700\" data-end=\"820\"><span style=\"color: #000000;\"><strong data-start=\"700\" data-end=\"735\">Fomentar la autonom\u00eda econ\u00f3mica<\/strong> de los estudiantes mediante el desarrollo de competencias laborales y emprendedoras.<\/span><\/p><\/li><li style=\"text-align: left;\" data-start=\"822\" data-end=\"952\"><p data-start=\"825\" data-end=\"952\"><span style=\"color: #000000;\"><strong data-start=\"825\" data-end=\"881\">Promover un ambiente formativo saludable e inclusivo<\/strong>, basado en principios de respeto, esperanza y acompa\u00f1amiento integral.<\/span><\/p><\/li><li style=\"text-align: left;\" data-start=\"954\" data-end=\"1086\"><p data-start=\"957\" data-end=\"1086\"><span style=\"color: #000000;\"><strong data-start=\"957\" data-end=\"1000\">Impulsar procesos de reinserci\u00f3n social<\/strong>, fortaleciendo habilidades personales, sociales y profesionales de los beneficiarios.<\/span><\/p><\/li><li style=\"text-align: left;\" data-start=\"1088\" data-end=\"1234\"><p data-start=\"1091\" data-end=\"1234\"><span style=\"color: #000000;\"><strong data-start=\"1091\" data-end=\"1127\">Establecer alianzas estrat\u00e9gicas<\/strong> con instituciones p\u00fablicas y privadas para ampliar oportunidades de pr\u00e1cticas, empleo y apoyo comunitario.<\/span><\/p><\/li><li data-start=\"1236\" data-end=\"1372\"><p style=\"text-align: left;\" data-start=\"1239\" data-end=\"1372\"><span style=\"color: #000000;\"><strong data-start=\"1239\" data-end=\"1280\">Fortalecer la presencia institucional<\/strong>, mejorando la comunicaci\u00f3n y posicionamiento de la fundaci\u00f3n en el entorno local y digital.<\/span><\/p><\/li><\/ol><\/li><\/ol><\/li><\/ol>\t\t\t\t\t\t\t\t<\/div>\n\t\t\t\t<div class=\"elementor-element elementor-element-3a70b51 elementor-widget-divider--view-line elementor-widget elementor-widget-divider\" data-id=\"3a70b51\" data-element_type=\"widget\" data-e-type=\"widget\" data-widget_type=\"divider.default\">\n\t\t\t\t\t\t\t<div class=\"elementor-divider\">\n\t\t\t<span class=\"elementor-divider-separator\">\n\t\t\t\t\t\t<\/span>\n\t\t<\/div>\n\t\t\t\t\t\t<\/div>\n\t\t\t\t<div class=\"elementor-element elementor-element-dc7a21a elementor-widget elementor-widget-heading\" data-id=\"dc7a21a\" data-element_type=\"widget\" data-e-type=\"widget\" data-widget_type=\"heading.default\">\n\t\t\t\t\t<h1 class=\"elementor-heading-title elementor-size-default\">\ud83d\udccc VALORES<\/h1>\t\t\t\t<\/div>\n\t\t\t\t<div class=\"elementor-element elementor-element-c249f39 elementor-widget elementor-widget-image\" data-id=\"c249f39\" data-element_type=\"widget\" data-e-type=\"widget\" data-widget_type=\"image.default\">\n\t\t\t\t\t\t\t\t\t\t\t\t\t\t\t<img fetchpriority=\"high\" decoding=\"async\" width=\"831\" height=\"680\" src=\"https:\/\/fundacioncreaec.com\/web\/wp-content\/uploads\/2026\/02\/valores.png\" class=\"attachment-large size-large wp-image-146\" alt=\"CREA MANTA\" srcset=\"https:\/\/fundacioncreaec.com\/web\/wp-content\/uploads\/2026\/02\/valores.png 831w, https:\/\/fundacioncreaec.com\/web\/wp-content\/uploads\/2026\/02\/valores-300x245.png 300w, https:\/\/fundacioncreaec.com\/web\/wp-content\/uploads\/2026\/02\/valores-768x628.png 768w\" sizes=\"(max-width: 831px) 100vw, 831px\" \/>\t\t\t\t\t\t\t\t\t\t\t\t\t\t\t<\/div>\n\t\t\t\t\t<\/div>\n\t\t\t\t<\/div>\n\t\t<div class=\"elementor-element elementor-element-25a7933 e-flex e-con-boxed e-con e-parent\" data-id=\"25a7933\" data-element_type=\"container\" data-e-type=\"container\">\n\t\t\t\t\t<div class=\"e-con-inner\">\n\t\t\t\t\t<\/div>\n\t\t\t\t<\/div>\n\t\t\t\t<\/div>\n\t\t","protected":false},"excerpt":{"rendered":"<p>\ud83d\udccc MISI\u00d3N Brindar formaci\u00f3n artesanal de calidad en un ambiente saludable, inclusivo y basado en la esperanza y el amor, [&hellip;]<\/p>\n","protected":false},"author":1,"featured_media":0,"parent":0,"menu_order":0,"comment_status":"closed","ping_status":"closed","template":"","meta":{"site-sidebar-layout":"no-sidebar","site-content-layout":"","ast-site-content-layout":"full-width-container","site-content-style":"default","site-sidebar-style":"default","ast-global-header-display":"","ast-banner-title-visibility":"","ast-main-header-display":"","ast-hfb-above-header-display":"","ast-hfb-below-header-display":"","ast-hfb-mobile-header-display":"","site-post-title":"disabled","ast-breadcrumbs-content":"","ast-featured-img":"disabled","footer-sml-layout":"","ast-disable-related-posts":"","theme-transparent-header-meta":"disabled","adv-header-id-meta":"","stick-header-meta":"","header-above-stick-meta":"","header-main-stick-meta":"","header-below-stick-meta":"","astra-migrate-meta-layouts":"default","ast-page-background-enabled":"default","ast-page-background-meta":{"desktop":{"background-color":"var(--ast-global-color-5)","background-image":"","background-repeat":"repeat","background-position":"center center","background-size":"auto","background-attachment":"scroll","background-type":"","background-media":"","overlay-type":"","overlay-color":"","overlay-opacity":"","overlay-gradient":""},"tablet":{"background-color":"","background-image":"","background-repeat":"repeat","background-position":"center center","background-size":"auto","background-attachment":"scroll","background-type":"","background-media":"","overlay-type":"","overlay-color":"","overlay-opacity":"","overlay-gradient":""},"mobile":{"background-color":"","background-image":"","background-repeat":"repeat","background-position":"center center","background-size":"auto","background-attachment":"scroll","background-type":"","background-media":"","overlay-type":"","overlay-color":"","overlay-opacity":"","overlay-gradient":""}},"ast-content-background-meta":{"desktop":{"background-color":"var(--ast-global-color-4)","background-image":"","background-repeat":"repeat","background-position":"center center","background-size":"auto","background-attachment":"scroll","background-type":"","background-media":"","overlay-type":"","overlay-color":"","overlay-opacity":"","overlay-gradient":""},"tablet":{"background-color":"var(--ast-global-color-4)","background-image":"","background-repeat":"repeat","background-position":"center center","background-size":"auto","background-attachment":"scroll","background-type":"","background-media":"","overlay-type":"","overlay-color":"","overlay-opacity":"","overlay-gradient":""},"mobile":{"background-color":"var(--ast-global-color-4)","background-image":"","background-repeat":"repeat","background-position":"center center","background-size":"auto","background-attachment":"scroll","background-type":"","background-media":"","overlay-type":"","overlay-color":"","overlay-opacity":"","overlay-gradient":""}},"footnotes":""},"class_list":["post-63","page","type-page","status-publish","hentry"],"_links":{"self":[{"href":"https:\/\/fundacioncreaec.com\/web\/index.php\/wp-json\/wp\/v2\/pages\/63","targetHints":{"allow":["GET"]}}],"collection":[{"href":"https:\/\/fundacioncreaec.com\/web\/index.php\/wp-json\/wp\/v2\/pages"}],"about":[{"href":"https:\/\/fundacioncreaec.com\/web\/index.php\/wp-json\/wp\/v2\/types\/page"}],"author":[{"embeddable":true,"href":"https:\/\/fundacioncreaec.com\/web\/index.php\/wp-json\/wp\/v2\/users\/1"}],"replies":[{"embeddable":true,"href":"https:\/\/fundacioncreaec.com\/web\/index.php\/wp-json\/wp\/v2\/comments?post=63"}],"version-history":[{"count":14,"href":"https:\/\/fundacioncreaec.com\/web\/index.php\/wp-json\/wp\/v2\/pages\/63\/revisions"}],"predecessor-version":[{"id":297,"href":"https:\/\/fundacioncreaec.com\/web\/index.php\/wp-json\/wp\/v2\/pages\/63\/revisions\/297"}],"wp:attachment":[{"href":"https:\/\/fundacioncreaec.com\/web\/index.php\/wp-json\/wp\/v2\/media?parent=63"}],"curies":[{"name":"wp","href":"https:\/\/api.w.org\/{rel}","templated":true}]}}